{"id":3755,"date":"2023-05-18T12:28:51","date_gmt":"2023-05-18T08:28:51","guid":{"rendered":"https:\/\/gaz-industriels.com\/politique-de-cookies\/"},"modified":"2024-06-25T09:58:53","modified_gmt":"2024-06-25T05:58:53","slug":"politique-de-cookies","status":"publish","type":"page","link":"https:\/\/gaz-industriels.com\/fr\/politique-de-cookies\/","title":{"rendered":"Politique de cookies"},"content":{"rendered":"\t\t<div data-elementor-type=\"wp-page\" data-elementor-id=\"3755\" class=\"elementor elementor-3755 elementor-3746\" data-elementor-post-type=\"page\">\n\t\t\t\t\t\t<section data-particle_enable=\"false\" data-particle-mobile-disabled=\"false\" class=\"ob-is-breaking-bad elementor-section elementor-top-section elementor-element elementor-element-eef39a2 elementor-section-boxed elementor-section-height-default elementor-section-height-default\" data-id=\"eef39a2\" data-element_type=\"section\" data-e-type=\"section\" data-settings=\"{&quot;_ob_bbad_use_it&quot;:&quot;yes&quot;,&quot;_ob_bbad_sssic_use&quot;:&quot;no&quot;,&quot;_ob_glider_is_slider&quot;:&quot;no&quot;}\">\n\t\t\t\t\t\t<div class=\"elementor-container elementor-column-gap-default\">\n\t\t\t\t\t<div class=\"elementor-column elementor-col-100 elementor-top-column elementor-element elementor-element-18e11a4\" data-id=\"18e11a4\" data-element_type=\"column\" data-e-type=\"column\" data-settings=\"{&quot;_ob_bbad_is_stalker&quot;:&quot;no&quot;,&quot;_ob_teleporter_use&quot;:false,&quot;_ob_column_hoveranimator&quot;:&quot;no&quot;,&quot;_ob_column_has_pseudo&quot;:&quot;no&quot;}\">\n\t\t\t<div class=\"elementor-widget-wrap elementor-element-populated\">\n\t\t\t\t\t\t<div data-dce-title-color=\"#005487\" class=\"elementor-element elementor-element-204837a ob-harakiri-inherit ob-has-background-overlay elementor-widget elementor-widget-heading\" data-id=\"204837a\" data-element_type=\"widget\" data-e-type=\"widget\" data-settings=\"{&quot;_ob_use_harakiri&quot;:&quot;yes&quot;,&quot;_ob_harakiri_writing_mode&quot;:&quot;inherit&quot;,&quot;_ob_harakiri_text_clip&quot;:&quot;none&quot;,&quot;_ob_perspektive_use&quot;:&quot;no&quot;,&quot;_ob_poopart_use&quot;:&quot;yes&quot;,&quot;_ob_shadough_use&quot;:&quot;no&quot;,&quot;_ob_allow_hoveranimator&quot;:&quot;no&quot;,&quot;_ob_widget_stalker_use&quot;:&quot;no&quot;}\" data-widget_type=\"heading.default\">\n\t\t\t\t<div class=\"elementor-widget-container\">\n\t\t\t\t\t<h2 class=\"elementor-heading-title elementor-size-default\">Politique de cookies<\/h2>\t\t\t\t<\/div>\n\t\t\t\t<\/div>\n\t\t\t\t<div class=\"elementor-element elementor-element-7b1a6e8 ob-harakiri-inherit ob-has-background-overlay elementor-widget elementor-widget-text-editor\" data-id=\"7b1a6e8\" data-element_type=\"widget\" data-e-type=\"widget\" data-settings=\"{&quot;_ob_use_harakiri&quot;:&quot;yes&quot;,&quot;_ob_harakiri_writing_mode&quot;:&quot;inherit&quot;,&quot;_ob_postman_use&quot;:&quot;no&quot;,&quot;_ob_perspektive_use&quot;:&quot;no&quot;,&quot;_ob_poopart_use&quot;:&quot;yes&quot;,&quot;_ob_shadough_use&quot;:&quot;no&quot;,&quot;_ob_allow_hoveranimator&quot;:&quot;no&quot;,&quot;_ob_widget_stalker_use&quot;:&quot;no&quot;}\" data-widget_type=\"text-editor.default\">\n\t\t\t\t<div class=\"elementor-widget-container\">\n\t\t\t\t\t\t\t\t\t<h2 style=\"text-align: left;\"><span style=\"color: #005487;\">1. Introduction<\/span><\/h2>\n<\/p>\n<p style=\"text-align: left; padding-left: 40px;\"><span style=\"color: #005487;\">1.1<\/span> Ce site web est la propri\u00e9t\u00e9 de Les Gaz Industriels Ltd (ci-apr\u00e8s \u00ab\u00a0LGI\u00a0\u00bb), est h\u00e9berg\u00e9 par WordPress et est exploit\u00e9 et maintenu par OXO. Ce site web utilise des cookies.<\/p>\n<p style=\"text-align: left; padding-left: 40px;\"><span style=\"color: #005487;\">1.2<\/span> La pr\u00e9sente politique en mati\u00e8re de cookies doit \u00eatre lue conjointement avec notre politique de confidentialit\u00e9. Il vous fournit des informations sur les cookies et sur la mani\u00e8re de les contr\u00f4ler pour ce site web.<\/p>\n<p style=\"text-align: left; padding-left: 40px;\"><span style=\"color: #005487;\">1.3<\/span> Dans le pr\u00e9sent avis, les termes \u00ab\u00a0nous\u00a0\u00bb, \u00ab\u00a0notre\u00a0\u00bb et \u00ab\u00a0nos\u00a0\u00bb d\u00e9signent Les Gaz Industriels Ltd. <\/p>\n<p style=\"text-align: left; padding-left: 40px;\"><span style=\"color: #005487;\">1.4<\/span> Le lien vers le site web est le suivant : <a href=\"https:\/\/gaz-industriels.com\">www.gaz-industriels.com<\/a><\/p>\n<\/p>\n<h2 style=\"text-align: left;\"><span style=\"color: #005487;\">2. Qu&rsquo;est-ce qu&rsquo;un cookie ?<\/span><br \/> <\/h2>\n<p style=\"text-align: left; padding-left: 40px;\"><span style=\"color: #005487;\">2.1<\/span> Les cookies sont de petits fichiers de donn\u00e9es qui sont plac\u00e9s sur votre ordinateur, votre t\u00e9l\u00e9phone portable ou votre tablette par les sites web que vous visitez. Ils sont largement utilis\u00e9s pour aider les sites web \u00e0 fonctionner plus efficacement et pour fournir des informations au propri\u00e9taire du site.<\/p>\n<p style=\"text-align: left; padding-left: 40px;\"><span style=\"color: #005487;\">2.2<\/span> Les cookies sont utilis\u00e9s sur notre site web pour vous reconna\u00eetre parmi les autres utilisateurs. Cela nous permet de vous offrir une exp\u00e9rience de navigation positive tout en nous permettant d&rsquo;am\u00e9liorer notre site web. En continuant \u00e0 utiliser notre site web, vous acceptez que nous utilisions des cookies conform\u00e9ment aux conditions de cette politique.<\/p>\n<p style=\"text-align: left; padding-left: 40px;\"><span style=\"color: #005487;\">2.3<\/span> De plus amples informations sur tous les aspects des cookies sont disponibles \u00e0 l&rsquo;adresse suivante <a href=\"http:\/\/www.allaboutcookies.org\" target=\"_blank\" rel=\"noopener\">www.allaboutcookies.org<\/a>. Veuillez noter que LGI n&rsquo;est pas affili\u00e9 \u00e0 ce site Web tiers et n&rsquo;en est pas responsable.<\/p>\n<\/p>\n<h2 style=\"text-align: left;\"><span style=\"color: #005487;\">3. Utilisation de cookies<\/span><br \/>       <\/h2>\n<p style=\"text-align: left; padding-left: 40px;\"><span style=\"color: #005487;\">3.1<\/span> Types de cookies<\/p>\n<p style=\"text-align: left; padding-left: 40px;\">Un cookie peut \u00eatre class\u00e9 en fonction de sa dur\u00e9e de vie, de son objectif et du domaine auquel il appartient. Nous utilisons les types de cookies suivants :<\/p>\n<p style=\"padding-left: 40px; text-align: left;\"><span style=\"color: #005487;\">3.1.1<\/span> Cookies analytiques\/de performance<\/p>\n<p style=\"padding-left: 40px; text-align: left;\">Ils nous permettent de reconna\u00eetre et de compter le nombre de visiteurs ainsi que de voir comment les utilisateurs naviguent sur notre site web lorsqu&rsquo;ils l&rsquo;utilisent. Cela nous aide \u00e0 am\u00e9liorer le fonctionnement de notre site web, par exemple en veillant \u00e0 ce que les utilisateurs trouvent facilement ce qu&rsquo;ils cherchent.<\/p>\n<p style=\"text-align: left; padding-left: 40px;\">La liste des cookies de performance\/analytiques utilis\u00e9s par notre site web est la suivante :<\/p>\n<table>\n<tbody>\n<tr>\n<td width=\"146\">\n<p><span style=\"color: #005487;\"><strong>Nom<\/strong><\/span><\/p>\n<\/td>\n<td width=\"296\">\n<p><span style=\"color: #005487;\"><strong>Objectif<\/strong><\/span><\/p>\n<\/td>\n<td width=\"159\">\n<p><span style=\"color: #005487;\"><strong>Type de cookie\/ Dur\u00e9e<\/strong><\/span><\/p>\n<\/td>\n<\/tr>\n<tr>\n<td width=\"146\">\n<p>CLID<\/p>\n<\/td>\n<td width=\"296\">\n<p>Identifie la premi\u00e8re fois que Clarity a vu cet utilisateur sur un site utilisant Clarity.<\/p>\n<\/td>\n<td width=\"159\">\n<p>HTTP\/ 1 an<\/p>\n<\/td>\n<\/tr>\n<tr>\n<td width=\"146\">\n<p>_clck<\/p>\n<\/td>\n<td width=\"296\">\n<p>Persiste l&rsquo;ID de l&rsquo;utilisateur de Clarity et les pr\u00e9f\u00e9rences, uniques \u00e0 ce site, sur le navigateur. Cela garantit que le comportement lors des visites ult\u00e9rieures sur le m\u00eame site sera attribu\u00e9 au m\u00eame identifiant d&rsquo;utilisateur.<\/p>\n<\/td>\n<td width=\"159\">\n<p>HTTP\/ 1 an<\/p>\n<\/td>\n<\/tr>\n<tr>\n<td width=\"146\">\n<p>_ga<\/p>\n<\/td>\n<td width=\"296\">\n<p>Utilis\u00e9 pour distinguer les utilisateurs.<\/p>\n<\/td>\n<td width=\"159\">\n<p>Cookie persistant\/ 2 ans<\/p>\n<\/td>\n<\/tr>\n<tr>\n<td width=\"146\">\n<p>_ga_XB52RN6EM7<\/p>\n<\/td>\n<td width=\"296\">\n<p>Utilis\u00e9 par google analytics pour distinguer les utilisateurs<\/p>\n<\/td>\n<td width=\"159\">\n<p>Type de cookies\/2 ans<\/p>\n<\/td>\n<\/tr>\n<tr>\n<td width=\"146\">\n<p>_gid<\/p>\n<\/td>\n<td width=\"296\">\n<p>Utilis\u00e9 pour distinguer les utilisateurs<\/p>\n<\/td>\n<td width=\"159\">\n<p>Cookie persistant, 1 jour<\/p>\n<\/td>\n<\/tr>\n<tr>\n<td width=\"146\">\n<p>_gat_gtag_UA_86787746_1<\/p>\n<\/td>\n<td width=\"296\">\n<p>Pour enregistrer un identifiant d&rsquo;utilisateur unique<\/p>\n<\/td>\n<td width=\"159\">\n<p>Cookie de session,<\/p>\n<p style=\"padding-left: 40px;\">1 minute<\/p>\n<\/td>\n<\/tr>\n<\/tbody>\n<\/table>\n<p style=\"text-align: left; padding-left: 40px;\"><span style=\"color: #005487;\">3.1.2<\/span> Cookies fonctionnels<\/p>\n<p style=\"text-align: left; padding-left: 40px;\">Les cookies fonctionnels sont g\u00e9n\u00e9ralement pr\u00e9sents pour soutenir la fonctionnalit\u00e9 du site qui est visible ou avantageuse pour l&rsquo;utilisateur ou son exp\u00e9rience du site. Ils permettent aux sites web de se souvenir des choix effectu\u00e9s et d&rsquo;offrir une exp\u00e9rience plus personnalis\u00e9e.<\/p>\n<p style=\"text-align: left; padding-left: 40px;\">La liste des cookies fonctionnels utilis\u00e9s par notre site web est la suivante :<\/p>\n<table>\n<tbody>\n<tr>\n<td width=\"122\">\n<p><span style=\"color: #005487;\"><strong>Nom<\/strong><\/span><\/p>\n<\/td>\n<td width=\"320\">\n<p><span style=\"color: #005487;\"><strong>Objectif<\/strong><\/span><\/p>\n<\/td>\n<td width=\"159\">\n<p><span style=\"color: #005487;\"><strong>Type de cookie\/ Dur\u00e9e<\/strong><\/span><\/p>\n<\/td>\n<\/tr>\n<tr>\n<td width=\"122\">\n<p>wp-settings-1<\/p>\n<\/td>\n<td rowspan=\"2\" width=\"320\">\n<p>Utilis\u00e9 pour conserver la configuration wp-admin d&rsquo;un utilisateur.<\/p>\n<\/td>\n<td rowspan=\"2\" width=\"159\">\n<p>1 an<\/p>\n<\/td>\n<\/tr>\n<tr>\n<td width=\"122\">\n<p>wp-settings-time-1<\/p>\n<\/td>\n<\/tr>\n<\/tbody>\n<\/table>\n<p style=\"text-align: left; padding-left: 40px;\"><span style=\"color: #005487;\">3.1.3<\/span> Cookies de ciblage<\/p>\n<p style=\"text-align: left; padding-left: 40px;\">Les cookies de ciblage (publicitaires) ont pour but de g\u00e9rer les performances des publicit\u00e9s, de les afficher et\/ou d&rsquo;\u00e9tablir des profils d&rsquo;utilisateurs. En r\u00e8gle g\u00e9n\u00e9rale, ces cookies sont install\u00e9s par des tiers qui ach\u00e8tent de l&rsquo;espace publicitaire sur notre site web. Ils ne stockent pas directement d&rsquo;informations personnelles mais sont bas\u00e9s sur l&rsquo;identification unique de votre navigateur et de votre appareil Internet. Si vous n&rsquo;autorisez pas ces cookies, la publicit\u00e9 sera moins cibl\u00e9e.<\/p>\n<table>\n<tbody>\n<tr>\n<td width=\"122\">\n<p><span style=\"color: #005487;\"><strong>Nom<\/strong><\/span><\/p>\n<\/td>\n<td width=\"320\">\n<p><span style=\"color: #005487;\"><strong>Objectif<\/strong><\/span><\/p>\n<\/td>\n<td width=\"159\">\n<p><span style=\"color: #005487;\"><strong>Type de cookie\/ Dur\u00e9e<\/strong><\/span><\/p>\n<\/td>\n<\/tr>\n<tr>\n<td width=\"122\">\n<p>MUID<\/p>\n<\/td>\n<td width=\"320\">\n<p>Utilis\u00e9 pour identifier les navigateurs web uniques qui visitent les sites Microsoft. Ces cookies sont utilis\u00e9s \u00e0 des fins de publicit\u00e9, d&rsquo;analyse du site et \u00e0 d&rsquo;autres fins op\u00e9rationnelles.<\/p>\n<\/td>\n<td width=\"159\">\n<p>HTTP\/ 1 an<\/p>\n<\/td>\n<\/tr>\n<\/tbody>\n<\/table>\n<h2 style=\"text-align: left;\"><span style=\"color: #005487;\">4. Cookies utilis\u00e9s par nos prestataires de services \/ Cookies de tiers<\/span><\/h2>\n<p style=\"text-align: left;\">Les prestataires de services tiers avec lesquels nous avons pass\u00e9 un contrat utilisent des cookies et ces cookies peuvent \u00eatre stock\u00e9s sur votre ordinateur lorsque vous visitez notre site web. Ils sont n\u00e9cessaires pour certaines fonctions de notre site web, comme indiqu\u00e9 dans le tableau ci-dessus au point 3.<\/p>\n<p style=\"text-align: left;\">Les fournisseurs tiers pr\u00e9sents sur notre site web sont :<\/p>\n<ul>\n<li style=\"text-align: left;\"> Clart\u00e9<\/li>\n<li style=\"text-align: left;\"> Google Analytics<\/li>\n<li style=\"text-align: left;\"> WordPress<\/li>\n<\/ul>\n<h2 style=\"text-align: left;\"><span style=\"color: #005487;\">5. Gestion des cookies<\/span><\/h2>\n<p style=\"text-align: left;\">Nous demandons votre consentement avant de placer des cookies sur votre appareil. \u00c9tant donn\u00e9 que le consentement doit r\u00e9sulter d&rsquo;une action positive, les cases \u00e0 cocher des cat\u00e9gories de cookies sont d\u00e9coch\u00e9es par d\u00e9faut pour vous permettre d&rsquo;accepter express\u00e9ment l&rsquo;utilisation des cookies, \u00e0 l&rsquo;exception des cookies strictement n\u00e9cessaires qui ne requi\u00e8rent pas votre consentement.<\/p>\n<p style=\"text-align: left;\">Vous pouvez retirer votre consentement \u00e0 tout moment gr\u00e2ce \u00e0 une option de retrait qui vous permet d&rsquo;activer ou de d\u00e9sactiver certains cookies en fonction de vos choix dans les \u00ab\u00a0param\u00e8tres des cookies\u00a0\u00bb ou en supprimant vos cookies \u00e0 l&rsquo;aide des param\u00e8tres de votre navigateur internet. Vous pouvez g\u00e9rer les cookies comme vous le souhaitez en modifiant les param\u00e8tres de votre navigateur ou en effa\u00e7ant votre historique de navigation. Pour plus de d\u00e9tails sur la gestion des cookies, vous pouvez consulter les sites suivants <a href=\"https:\/\/www.aboutcookies.org.uk\" target=\"_blank\" rel=\"noopener\">https:\/\/www.aboutcookies.org.uk<\/a> .<\/p>\n<p style=\"text-align: left;\">Veuillez noter que si vous d\u00e9sactivez les cookies de performance et de ciblage, il est possible que la publicit\u00e9 que vous recevez soit moins cibl\u00e9e, mais le site devrait fonctionner correctement. Toutefois, si vous d\u00e9sactivez les cookies fonctionnels, il se peut que vous ne puissiez pas acc\u00e9der \u00e0 certaines parties de notre site web et que certaines fonctions ou pages ne fonctionnent pas comme d&rsquo;habitude. Vous perdrez \u00e9galement certaines informations sauvegard\u00e9es, par exemple les d\u00e9tails de connexion et les pr\u00e9f\u00e9rences du site.<\/p>\n<p style=\"text-align: left;\">Toute inaction ou action autre qu&rsquo;une action positive est consid\u00e9r\u00e9e comme un refus, et les cookies non strictement n\u00e9cessaires ne peuvent pas \u00eatre plac\u00e9s. Par exemple, une action telle que le d\u00e9filement ne signifie pas un consentement implicite puisqu&rsquo;elle ne constitue pas une action affirmative ad\u00e9quate qui donne un consentement clair.<\/p>\n<p style=\"text-align: left;\">Le consentement est toujours v\u00e9rifiable. Nous avons mis en place les contr\u00f4les suivants pour nous assurer que nous pouvons d\u00e9montrer le consentement dans tous les cas :<\/p>\n<ul>\n<li style=\"text-align: left;\"> proc\u00e9der \u00e0 des audits r\u00e9guliers des m\u00e9thodes de collecte des consentements sur le site web\/l&rsquo;application, ce qui peut \u00eatre fait en confiant cette t\u00e2che au tiers responsable de la collecte des consentements pour le site web\/l&rsquo;application concern\u00e9.<\/li>\n<li style=\"text-align: left;\"> les informations sur les outils et les configurations mis en \u0153uvre (tels que les CMP) peuvent \u00eatre conserv\u00e9es, de mani\u00e8re horodat\u00e9e, par les tiers responsables des outils eux-m\u00eames.<\/li>\n<li> les diff\u00e9rentes versions du code utilis\u00e9 par le sujet qui recueille le consentement peuvent \u00eatre remises \u00e0 un tiers, ou \u00ab\u00a0hach\u00e9es\u00a0\u00bb, puis publi\u00e9es de mani\u00e8re horodat\u00e9e sur une plateforme publique afin de prouver leur authenticit\u00e9 en cas de besoin.<\/li>\n<\/ul>\n<p style=\"text-align: left;\">Nous conservons des enregistrements d\u00e9taill\u00e9s du consentement par le biais d&rsquo;un registre des consentements et nous pouvons en apporter la preuve au minimum :<\/p>\n<ul>\n<li style=\"text-align: left;\"> que la personne a \u00e9t\u00e9 en mesure de faire un choix \u00e9clair\u00e9 avant de donner son consentement. (les objectifs des cookies sont clairement d\u00e9finis) ;<\/li>\n<li style=\"text-align: left;\"> que la personne a consenti \u00e0 l&rsquo;utilisation et au traitement de ses donn\u00e9es personnelles en acceptant express\u00e9ment nos cookies ;<\/li>\n<li style=\"text-align: left;\"> et que la personne a \u00e9t\u00e9 inform\u00e9e du nom de notre soci\u00e9t\u00e9 et du tiers qui utilise les donn\u00e9es.<\/li>\n<\/ul>\n<h2 style=\"text-align: left;\"><span style=\"color: #005487;\">6. P\u00e9riode de conservation des cookies<\/span><\/h2>\n<p style=\"text-align: left;\">Nous avons d\u00e9fini la dur\u00e9e de tous les cookies utilis\u00e9s sur notre site web dans la section 3.<\/p>\n<p style=\"text-align: left;\">Nous veillons \u00e0 ce que la dur\u00e9e de vie des cookies ne soit pas prolong\u00e9e \u00e0 chaque nouvelle visite et les p\u00e9riodes de conservation sont p\u00e9riodiquement r\u00e9examin\u00e9es afin de garantir que leur dur\u00e9e est limit\u00e9e au strict n\u00e9cessaire.<\/p>\n<h2 style=\"text-align: left;\"><span style=\"color: #005487;\">7. Cookie wall<\/span><\/h2>\n<p style=\"text-align: left;\">Un mur de cookies est une fonctionnalit\u00e9 qui bloque l&rsquo;acc\u00e8s \u00e0 un site web ou \u00e0 une application mobile lorsque l&rsquo;utilisateur ne donne pas son consentement. La mise en place d&rsquo;un mur de cookies peut porter atteinte \u00e0 la libert\u00e9 de consentement. Il convient donc d&rsquo;\u00e9valuer la l\u00e9galit\u00e9 de l&rsquo;utilisation d&rsquo;un mur de biscuits.<\/p>\n<p style=\"text-align: left;\">Notre site web n&rsquo;utilise pas de murs de cookies afin de pr\u00e9server les droits et libert\u00e9s de nos utilisateurs.<\/p>\n<h2 style=\"text-align: left;\"><span style=\"color: #005487;\">8. Banni\u00e8re\/pop-up de cookies<\/span><\/h2>\n<p style=\"text-align: left;\">Une fen\u00eatre contextuelle ou une banni\u00e8re de cookies appara\u00eet lorsque vous visitez un site web. Il vous permet \u00e9galement d&rsquo;accepter ou de refuser les cookies (voir annexe 1). Elle vous informe que vos donn\u00e9es \u00e0 caract\u00e8re personnel sont collect\u00e9es, comment elles le sont et \u00e0 quelles fins. Il recueille \u00e9galement votre consentement \u00e0 l&rsquo;utilisation de vos donn\u00e9es.<\/p>\n<p style=\"text-align: left;\">Notre site web utilise des banni\u00e8res de cookies\/pop-up pour recueillir votre consentement \u00e0 la collecte de donn\u00e9es et pour vous informer de la mani\u00e8re dont vos donn\u00e9es sont trait\u00e9es.<\/p>\n<h2 style=\"text-align: left;\"><span style=\"color: #005487;\">9. Modifications de la pr\u00e9sente politique en mati\u00e8re de cookies<\/span><\/h2>\n<p style=\"text-align: left;\">Notre politique en mati\u00e8re de cookies est r\u00e9guli\u00e8rement r\u00e9examin\u00e9e et peut \u00eatre mise \u00e0 jour de temps \u00e0 autre. Nous vous informerons des changements importants par courrier \u00e9lectronique ou par des fen\u00eatres contextuelles automatiques sur notre site web. Toutefois, nous vous encourageons \u00e9galement \u00e0 consulter r\u00e9guli\u00e8rement cette politique afin d&rsquo;\u00eatre inform\u00e9 de l&rsquo;utilisation que nous faisons des cookies. Cette version a \u00e9t\u00e9 mise \u00e0 jour pour la derni\u00e8re fois le 10\/2\/2023.<\/p>\n<h2 style=\"text-align: left;\"><span style=\"color: #005487;\">10. Contacter l&rsquo;entreprise<\/span><\/h2>\n<p style=\"text-align: left;\">Si vous avez des questions concernant notre politique en mati\u00e8re de cookies, vous pouvez nous contacter \u00e0 l&rsquo;adresse suivante :<\/p>\n<p style=\"text-align: left;\">Nom : Les Gaz Industriels Ltd<br \/>Adresse : Pailles Road, GRNW, Mauritius<\/p>\n<p style=\"text-align: left;\">Courriel : dataprotection@gaz-industriels.com<\/p>\n<p style=\"text-align: left;\">Vous avez le droit de vous plaindre aupr\u00e8s de l&rsquo;Office de protection des donn\u00e9es si vous estimez que nous n&rsquo;avons pas trait\u00e9 votre demande de mani\u00e8re appropri\u00e9e.<\/p>\n<h2><span style=\"color: #005487;\"><strong>APPENDIX 1<\/strong><\/span><\/h2>\n<p style=\"text-align: left;\"><strong>Ce site web utilise des cookies.<\/strong><\/p>\n<p style=\"text-align: left;\">Nous utilisons des cookies de session et des cookies persistants pour am\u00e9liorer l&rsquo;exp\u00e9rience des utilisateurs. Par cons\u00e9quent, nous pouvons collecter et traiter vos donn\u00e9es d&rsquo;utilisation du site. Choisissez les cookies que vous autorisez en utilisant les cases \u00e0 cocher des cat\u00e9gories ci-dessous ou en cliquant sur le bouton \u00ab\u00a0Accepter tout\u00a0\u00bb.<\/p>\n<p style=\"text-align: left;\"><strong>Vos pr\u00e9f\u00e9rences en mati\u00e8re de cookies :<\/strong><\/p>\n<p style=\"text-align: left;\"><strong>\u2610 <\/strong>Cookies analytiques\/de performance<\/p>\n<p style=\"text-align: left;\"><strong>\u2610 <\/strong>Cookies de ciblage<\/p>\n<p style=\"text-align: left;\"><strong>\u2610 <\/strong>Cookies fonctionnels<\/p>\n<p style=\"text-align: left;\"><strong>\u2610 <\/strong>Cookies utilis\u00e9s par nos prestataires de services \/ Cookies de tiers<\/p>\n<table width=\"100%\">\n<tbody>\n<tr>\n<td>\n<p><strong>Accepter la s\u00e9lection<\/strong><\/p>\n<\/td>\n<\/tr>\n<\/tbody>\n<\/table>\n<table width=\"100%\">\n<tbody>\n<tr>\n<td>\n<p><strong>D\u00e9cliner Tous<\/strong><\/p>\n<\/td>\n<\/tr>\n<\/tbody>\n<\/table>\n<p style=\"text-align: left;\">En cliquant sur le bouton \u00ab\u00a0Enregistrer et fermer\u00a0\u00bb, vous acceptez de stocker sur votre appareil toutes les technologies activ\u00e9es d\u00e9crites dans notre <span style=\"text-decoration: underline;\">politique en mati\u00e8re de cookies<\/span> et nous autorisez \u00e0 acc\u00e9der \u00e0 vos donn\u00e9es personnelles collect\u00e9es et \u00e0 les traiter. Vous pouvez modifier vos pr\u00e9f\u00e9rences en mati\u00e8re de cookies \u00e0 tout moment en visitant la page \u00ab\u00a0Param\u00e8tres des cookies\u00a0\u00bb. Vous pouvez en savoir plus sur la mani\u00e8re dont nous traitons vos donn\u00e9es personnelles en consultant l&rsquo;avis de confidentialit\u00e9 de notre <span style=\"text-decoration: underline;\">site web<\/span>.<\/p>\n<table width=\"100%\">\n<tbody>\n<tr>\n<td>\n<p><strong>Enregistrer et fermer<\/strong><\/p>\n<\/td>\n<\/tr>\n<\/tbody>\n<\/table>\n\t\t\t\t\t\t\t\t<\/div>\n\t\t\t\t<\/div>\n\t\t\t\t\t<\/div>\n\t\t<\/div>\n\t\t\t\t\t<\/div>\n\t\t<\/section>\n\t\t\t\t<\/div>\n\t\t","protected":false},"excerpt":{"rendered":"<p>Politique de cookies 1. Introduction 1.1 Ce site web est la propri\u00e9t\u00e9 de Les Gaz Industriels Ltd (ci-apr\u00e8s \u00ab\u00a0LGI\u00a0\u00bb), est h\u00e9berg\u00e9 par WordPress et est exploit\u00e9 et maintenu par OXO. Ce site web utilise des cookies. 1.2 La pr\u00e9sente politique en mati\u00e8re de cookies doit \u00eatre lue conjointement avec notre politique de confidentialit\u00e9. Il vous [&hellip;]<\/p>\n","protected":false},"author":10,"featured_media":0,"parent":0,"menu_order":0,"comment_status":"closed","ping_status":"closed","template":"","meta":{"_acf_changed":false,"footnotes":""},"class_list":["post-3755","page","type-page","status-publish","hentry"],"acf":[],"_links":{"self":[{"href":"https:\/\/gaz-industriels.com\/fr\/wp-json\/wp\/v2\/pages\/3755","targetHints":{"allow":["GET"]}}],"collection":[{"href":"https:\/\/gaz-industriels.com\/fr\/wp-json\/wp\/v2\/pages"}],"about":[{"href":"https:\/\/gaz-industriels.com\/fr\/wp-json\/wp\/v2\/types\/page"}],"author":[{"embeddable":true,"href":"https:\/\/gaz-industriels.com\/fr\/wp-json\/wp\/v2\/users\/10"}],"replies":[{"embeddable":true,"href":"https:\/\/gaz-industriels.com\/fr\/wp-json\/wp\/v2\/comments?post=3755"}],"version-history":[{"count":0,"href":"https:\/\/gaz-industriels.com\/fr\/wp-json\/wp\/v2\/pages\/3755\/revisions"}],"wp:attachment":[{"href":"https:\/\/gaz-industriels.com\/fr\/wp-json\/wp\/v2\/media?parent=3755"}],"curies":[{"name":"wp","href":"https:\/\/api.w.org\/{rel}","templated":true}]}}